{"id":2449,"date":"2023-02-09T21:48:17","date_gmt":"2023-02-09T21:48:17","guid":{"rendered":"http:\/\/agenciadeimagenes.com\/?page_id=2449"},"modified":"2023-02-10T20:02:27","modified_gmt":"2023-02-10T20:02:27","slug":"diseno","status":"publish","type":"page","link":"https:\/\/agenciadeimagenes.com\/en\/diseno\/","title":{"rendered":"Servicios &#8211; Dise\u00f1o"},"content":{"rendered":"<div data-elementor-type=\"wp-page\" data-elementor-id=\"2449\" class=\"elementor elementor-2449\">\n\t\t\t\t\t\t<section class=\"elementor-section elementor-top-section elementor-element elementor-element-2fa13c5 elementor-section-boxed elementor-section-height-default elementor-section-height-default\" data-id=\"2fa13c5\" data-element_type=\"section\" data-e-type=\"section\" data-settings=\"{&quot;background_background&quot;:&quot;classic&quot;}\">\n\t\t\t\t\t\t<div class=\"elementor-container elementor-column-gap-default\">\n\t\t\t\t\t<div class=\"elementor-column elementor-col-100 elementor-top-column elementor-element elementor-element-168df36\" data-id=\"168df36\" data-element_type=\"column\" data-e-type=\"column\">\n\t\t\t<div class=\"elementor-widget-wrap elementor-element-populated\">\n\t\t\t\t\t\t<div class=\"elementor-element elementor-element-3170bd4 elementor-widget elementor-widget-heading\" data-id=\"3170bd4\" data-element_type=\"widget\" data-e-type=\"widget\" data-widget_type=\"heading.default\">\n\t\t\t\t<div class=\"elementor-widget-container\">\n\t\t\t\t\t<h2 class=\"elementor-heading-title elementor-size-default\">Our services<\/h2>\t\t\t\t<\/div>\n\t\t\t\t<\/div>\n\t\t\t\t<section class=\"elementor-section elementor-inner-section elementor-element elementor-element-06834fe elementor-section-boxed elementor-section-height-default elementor-section-height-default\" data-id=\"06834fe\" data-element_type=\"section\" data-e-type=\"section\">\n\t\t\t\t\t\t<div class=\"elementor-container elementor-column-gap-extended\">\n\t\t\t\t\t<div class=\"elementor-column elementor-col-50 elementor-inner-column elementor-element elementor-element-3cf588e\" data-id=\"3cf588e\" data-element_type=\"column\" data-e-type=\"column\">\n\t\t\t<div class=\"elementor-widget-wrap elementor-element-populated\">\n\t\t\t\t\t\t<div class=\"elementor-element elementor-element-9d8e7e7 elementor-view-stacked elementor-shape-circle elementor-position-block-start elementor-mobile-position-block-start elementor-widget elementor-widget-icon-box\" data-id=\"9d8e7e7\" data-element_type=\"widget\" data-e-type=\"widget\" data-widget_type=\"icon-box.default\">\n\t\t\t\t<div class=\"elementor-widget-container\">\n\t\t\t\t\t\t\t<div class=\"elementor-icon-box-wrapper\">\n\n\t\t\t\t\t\t<div class=\"elementor-icon-box-icon\">\n\t\t\t\t<span  class=\"elementor-icon\">\n\t\t\t\t<i aria-hidden=\"true\" class=\"far fa-edit\"><\/i>\t\t\t\t<\/span>\n\t\t\t<\/div>\n\t\t\t\n\t\t\t\t\t\t<div class=\"elementor-icon-box-content\">\n\n\t\t\t\t\t\t\t\t\t<h3 class=\"elementor-icon-box-title\">\n\t\t\t\t\t\t<span  >\n\t\t\t\t\t\t\tDesign\t\t\t\t\t\t<\/span>\n\t\t\t\t\t<\/h3>\n\t\t\t\t\n\t\t\t\t\t\t\t\t\t<p class=\"elementor-icon-box-description\">\n\t\t\t\t\t\tGraphic design is thought converted to a visualization, we can help you create your brand and relevant content from a Communication Objective.\t\t\t\t\t<\/p>\n\t\t\t\t\n\t\t\t<\/div>\n\t\t\t\n\t\t<\/div>\n\t\t\t\t\t\t<\/div>\n\t\t\t\t<\/div>\n\t\t\t\t\t<\/div>\n\t\t<\/div>\n\t\t\t\t<div class=\"elementor-column elementor-col-50 elementor-inner-column elementor-element elementor-element-6d32c61\" data-id=\"6d32c61\" data-element_type=\"column\" data-e-type=\"column\">\n\t\t\t<div class=\"elementor-widget-wrap elementor-element-populated\">\n\t\t\t\t\t\t<div class=\"elementor-element elementor-element-687d048 elementor-widget elementor-widget-spacer\" data-id=\"687d048\" data-element_type=\"widget\" data-e-type=\"widget\" data-widget_type=\"spacer.default\">\n\t\t\t\t<div class=\"elementor-widget-container\">\n\t\t\t\t\t\t\t<div class=\"elementor-spacer\">\n\t\t\t<div class=\"elementor-spacer-inner\"><\/div>\n\t\t<\/div>\n\t\t\t\t\t\t<\/div>\n\t\t\t\t<\/div>\n\t\t\t\t<div class=\"elementor-element elementor-element-a0fb45f elementor-pagination-position-outside elementor-widget elementor-widget-image-carousel\" data-id=\"a0fb45f\" data-element_type=\"widget\" data-e-type=\"widget\" data-settings=\"{&quot;slides_to_show&quot;:&quot;1&quot;,&quot;navigation&quot;:&quot;dots&quot;,&quot;lazyload&quot;:&quot;yes&quot;,&quot;effect&quot;:&quot;fade&quot;,&quot;autoplay&quot;:&quot;yes&quot;,&quot;pause_on_hover&quot;:&quot;yes&quot;,&quot;pause_on_interaction&quot;:&quot;yes&quot;,&quot;autoplay_speed&quot;:5000,&quot;infinite&quot;:&quot;yes&quot;,&quot;speed&quot;:500}\" data-widget_type=\"image-carousel.default\">\n\t\t\t\t<div class=\"elementor-widget-container\">\n\t\t\t\t\t\t\t<div class=\"elementor-image-carousel-wrapper swiper\" role=\"region\" aria-roledescription=\"carousel\" aria-label=\"Carrusel de im\u00e1genes\" dir=\"rtl\">\n\t\t\t<div class=\"elementor-image-carousel swiper-wrapper\" aria-live=\"off\">\n\t\t\t\t\t\t\t\t<div class=\"swiper-slide\" role=\"group\" aria-roledescription=\"slide\" aria-label=\"1 de 8\"><figure class=\"swiper-slide-inner\"><img class=\"swiper-slide-image swiper-lazy\" data-src=\"https:\/\/agenciadeimagenes.com\/wp-content\/uploads\/2023\/02\/Diseno-y-Estrategia-1536x864.jpg\" alt=\"Disen\u0303o y Estrategia\" \/><div class=\"swiper-lazy-preloader\"><\/div><figcaption class=\"elementor-image-carousel-caption\">Disen\u0303o y Estrategia<\/figcaption><\/figure><\/div><div class=\"swiper-slide\" role=\"group\" aria-roledescription=\"slide\" aria-label=\"2 de 8\"><figure class=\"swiper-slide-inner\"><img class=\"swiper-slide-image swiper-lazy\" data-src=\"https:\/\/agenciadeimagenes.com\/wp-content\/uploads\/2023\/02\/Proyectos_Aima_NLC.jpg\" alt=\"Afiches para Natural Learning Corporation\" \/><div class=\"swiper-lazy-preloader\"><\/div><figcaption class=\"elementor-image-carousel-caption\">Afiches para Natural Learning Corporation<\/figcaption><\/figure><\/div><div class=\"swiper-slide\" role=\"group\" aria-roledescription=\"slide\" aria-label=\"3 de 8\"><figure class=\"swiper-slide-inner\"><img class=\"swiper-slide-image swiper-lazy\" data-src=\"https:\/\/agenciadeimagenes.com\/wp-content\/uploads\/2023\/02\/Imac-Pro_Mecm-ManualImagen.jpg\" alt=\"Imagen corporativa, cat\u00e1logo, manual de marca. Mecm\" \/><div class=\"swiper-lazy-preloader\"><\/div><figcaption class=\"elementor-image-carousel-caption\">Imagen corporativa, cat\u00e1logo, manual de marca. Mecm <\/figcaption><\/figure><\/div><div class=\"swiper-slide\" role=\"group\" aria-roledescription=\"slide\" aria-label=\"4 de 8\"><figure class=\"swiper-slide-inner\"><img class=\"swiper-slide-image swiper-lazy\" data-src=\"https:\/\/agenciadeimagenes.com\/wp-content\/uploads\/2023\/02\/Imac-Pro_Oreo.jpg\" alt=\"2d para Oreo\" \/><div class=\"swiper-lazy-preloader\"><\/div><figcaption class=\"elementor-image-carousel-caption\">2d para Oreo<\/figcaption><\/figure><\/div><div class=\"swiper-slide\" role=\"group\" aria-roledescription=\"slide\" aria-label=\"5 de 8\"><figure class=\"swiper-slide-inner\"><img class=\"swiper-slide-image swiper-lazy\" data-src=\"https:\/\/agenciadeimagenes.com\/wp-content\/uploads\/2023\/02\/Proyectos_Aima_Mitsubishi.jpg\" alt=\"Despedida DinhoFotografias para Mitsubishi Motors\" \/><div class=\"swiper-lazy-preloader\"><\/div><figcaption class=\"elementor-image-carousel-caption\">Despedida Dinho\nFotografias para Mitsubishi Motors<\/figcaption><\/figure><\/div><div class=\"swiper-slide\" role=\"group\" aria-roledescription=\"slide\" aria-label=\"6 de 8\"><figure class=\"swiper-slide-inner\"><img class=\"swiper-slide-image swiper-lazy\" data-src=\"https:\/\/agenciadeimagenes.com\/wp-content\/uploads\/2023\/02\/Proyectos_Aima_Mat-el-Matemagico.jpg\" alt=\"Libro Mat el MatemagicoAutor:Carlos Becerra Silva\" \/><div class=\"swiper-lazy-preloader\"><\/div><figcaption class=\"elementor-image-carousel-caption\">Libro Mat el Matemagico\nAutor:Carlos Becerra Silva<\/figcaption><\/figure><\/div><div class=\"swiper-slide\" role=\"group\" aria-roledescription=\"slide\" aria-label=\"7 de 8\"><figure class=\"swiper-slide-inner\"><img class=\"swiper-slide-image swiper-lazy\" data-src=\"https:\/\/agenciadeimagenes.com\/wp-content\/uploads\/2023\/02\/Proyectos_Aima_PastelRosa.jpg\" alt=\"marca, fotograf\u00eda publicitaria, imagen corporativa, catalogos. Cliente Pastel Rosa\" \/><div class=\"swiper-lazy-preloader\"><\/div><figcaption class=\"elementor-image-carousel-caption\">brand, advertising photography, corporate image, catalogs. Pink Cake Customer<\/figcaption><\/figure><\/div><div class=\"swiper-slide\" role=\"group\" aria-roledescription=\"slide\" aria-label=\"8 de 8\"><figure class=\"swiper-slide-inner\"><img class=\"swiper-slide-image swiper-lazy\" data-src=\"https:\/\/agenciadeimagenes.com\/wp-content\/uploads\/2023\/02\/Proyectos_Aima_Discovery.jpg\" alt=\"Vicepresidenta Martha Lucia Ram\u00edrez -Discovery Channel\" \/><div class=\"swiper-lazy-preloader\"><\/div><figcaption class=\"elementor-image-carousel-caption\">Vice President Martha Lucia Ram\u00edrez -Discovery Channel<\/figcaption><\/figure><\/div>\t\t\t<\/div>\n\t\t\t\t\t\t\t\n\t\t\t\t\t\t\t\t\t<div class=\"swiper-pagination\"><\/div>\n\t\t\t\t\t\t\t\t\t<\/div>\n\t\t\t\t\t\t<\/div>\n\t\t\t\t<\/div>\n\t\t\t\t\t<\/div>\n\t\t<\/div>\n\t\t\t\t\t<\/div>\n\t\t<\/section>\n\t\t\t\t\t<\/div>\n\t\t<\/div>\n\t\t\t\t\t<\/div>\n\t\t<\/section>\n\t\t\t\t<section class=\"elementor-section elementor-top-section elementor-element elementor-element-4f87fe4 elementor-section-boxed elementor-section-height-default elementor-section-height-default\" data-id=\"4f87fe4\" data-element_type=\"section\" data-e-type=\"section\" data-settings=\"{&quot;background_background&quot;:&quot;classic&quot;}\">\n\t\t\t\t\t\t<div class=\"elementor-container elementor-column-gap-default\">\n\t\t\t\t\t<div class=\"elementor-column elementor-col-100 elementor-top-column elementor-element elementor-element-475d587\" data-id=\"475d587\" data-element_type=\"column\" data-e-type=\"column\">\n\t\t\t<div class=\"elementor-widget-wrap elementor-element-populated\">\n\t\t\t\t\t\t<div class=\"elementor-element elementor-element-fba293d elementor-widget elementor-widget-heading\" data-id=\"fba293d\" data-element_type=\"widget\" data-e-type=\"widget\" data-widget_type=\"heading.default\">\n\t\t\t\t<div class=\"elementor-widget-container\">\n\t\t\t\t\t<h6 class=\"elementor-heading-title elementor-size-default\">Some projects<\/h6>\t\t\t\t<\/div>\n\t\t\t\t<\/div>\n\t\t\t\t<div class=\"elementor-element elementor-element-c696942 elementor-widget elementor-widget-heading\" data-id=\"c696942\" data-element_type=\"widget\" data-e-type=\"widget\" data-widget_type=\"heading.default\">\n\t\t\t\t<div class=\"elementor-widget-container\">\n\t\t\t\t\t<h2 class=\"elementor-heading-title elementor-size-default\">Services portfolio<\/h2>\t\t\t\t<\/div>\n\t\t\t\t<\/div>\n\t\t\t\t<section class=\"elementor-section elementor-inner-section elementor-element elementor-element-5f00f17 elementor-section-content-middle elementor-section-boxed elementor-section-height-default elementor-section-height-default\" data-id=\"5f00f17\" data-element_type=\"section\" data-e-type=\"section\">\n\t\t\t\t\t\t<div class=\"elementor-container elementor-column-gap-no\">\n\t\t\t\t\t<div class=\"elementor-column elementor-col-100 elementor-inner-column elementor-element elementor-element-c57c0e2\" data-id=\"c57c0e2\" data-element_type=\"column\" data-e-type=\"column\">\n\t\t\t<div class=\"elementor-widget-wrap elementor-element-populated\">\n\t\t\t\t\t\t<div class=\"elementor-element elementor-element-3a19d77 elementor-widget elementor-widget-video\" data-id=\"3a19d77\" data-element_type=\"widget\" data-e-type=\"widget\" data-settings=\"{&quot;youtube_url&quot;:&quot;https:\\\/\\\/youtu.be\\\/jwex1ZZSiYQ&quot;,&quot;show_image_overlay&quot;:&quot;yes&quot;,&quot;image_overlay&quot;:{&quot;url&quot;:&quot;&quot;,&quot;id&quot;:&quot;&quot;,&quot;size&quot;:&quot;&quot;,&quot;alt&quot;:&quot;&quot;,&quot;source&quot;:&quot;library&quot;},&quot;video_type&quot;:&quot;youtube&quot;,&quot;controls&quot;:&quot;yes&quot;}\" data-widget_type=\"video.default\">\n\t\t\t\t<div class=\"elementor-widget-container\">\n\t\t\t\t\t\t\t<div class=\"elementor-wrapper elementor-open-inline\">\n\t\t\t<div class=\"elementor-video\"><\/div>\t\t<\/div>\n\t\t\t\t\t\t<\/div>\n\t\t\t\t<\/div>\n\t\t\t\t\t<\/div>\n\t\t<\/div>\n\t\t\t\t\t<\/div>\n\t\t<\/section>\n\t\t\t\t\t<\/div>\n\t\t<\/div>\n\t\t\t\t\t<\/div>\n\t\t<\/section>\n\t\t\t\t<section class=\"elementor-section elementor-top-section elementor-element elementor-element-478a1f9 elementor-section-content-middle elementor-section-boxed elementor-section-height-default elementor-section-height-default\" data-id=\"478a1f9\" data-element_type=\"section\" data-e-type=\"section\" data-settings=\"{&quot;background_background&quot;:&quot;classic&quot;}\">\n\t\t\t\t\t\t<div class=\"elementor-container elementor-column-gap-default\">\n\t\t\t\t\t<div class=\"elementor-column elementor-col-50 elementor-top-column elementor-element elementor-element-ca754a0\" data-id=\"ca754a0\" data-element_type=\"column\" data-e-type=\"column\">\n\t\t\t<div class=\"elementor-widget-wrap elementor-element-populated\">\n\t\t\t\t\t\t<div class=\"elementor-element elementor-element-5715b7b elementor-widget elementor-widget-heading\" data-id=\"5715b7b\" data-element_type=\"widget\" data-e-type=\"widget\" data-widget_type=\"heading.default\">\n\t\t\t\t<div class=\"elementor-widget-container\">\n\t\t\t\t\t<h2 class=\"elementor-heading-title elementor-size-default\">Do you have a project in mind? Let's get to work.<\/h2>\t\t\t\t<\/div>\n\t\t\t\t<\/div>\n\t\t\t\t\t<\/div>\n\t\t<\/div>\n\t\t\t\t<div class=\"elementor-column elementor-col-50 elementor-top-column elementor-element elementor-element-b169185\" data-id=\"b169185\" data-element_type=\"column\" data-e-type=\"column\">\n\t\t\t<div class=\"elementor-widget-wrap elementor-element-populated\">\n\t\t\t\t\t\t<div class=\"elementor-element elementor-element-343f0fa elementor-align-right elementor-mobile-align-center elementor-widget elementor-widget-button\" data-id=\"343f0fa\" data-element_type=\"widget\" data-e-type=\"widget\" data-widget_type=\"button.default\">\n\t\t\t\t<div class=\"elementor-widget-container\">\n\t\t\t\t\t\t\t\t\t<div class=\"elementor-button-wrapper\">\n\t\t\t\t\t<a class=\"elementor-button elementor-button-link elementor-size-sm\" href=\"http:\/\/agenciadeimagenes.com\/en\/contacto\/\">\n\t\t\t\t\t\t<span class=\"elementor-button-content-wrapper\">\n\t\t\t\t\t\t\t\t\t<span class=\"elementor-button-text\">Contact us<\/span>\n\t\t\t\t\t<\/span>\n\t\t\t\t\t<\/a>\n\t\t\t\t<\/div>\n\t\t\t\t\t\t\t\t<\/div>\n\t\t\t\t<\/div>\n\t\t\t\t\t<\/div>\n\t\t<\/div>\n\t\t\t\t\t<\/div>\n\t\t<\/section>\n\t\t\t\t<\/div>","protected":false},"excerpt":{"rendered":"<p>Nuestros Servicios Dise\u00f1o El dise\u00f1o gr\u00e1fico es el pensamiento convertido a una visualizaci\u00f3n, podemos ayudarte a crear tu marca y contenidos relevantes [&hellip;]<\/p>\n","protected":false},"author":1,"featured_media":0,"parent":0,"menu_order":0,"comment_status":"closed","ping_status":"closed","template":"page-templates\/page_front-page.php","meta":{"_eb_attr":"","footnotes":""},"class_list":["post-2449","page","type-page","status-publish","hentry"],"yoast_head":"<!-- This site is optimized with the Yoast SEO plugin v27.3 - https:\/\/yoast.com\/product\/yoast-seo-wordpress\/ -->\n<title>Servicios - Dise\u00f1o - AIMA-AGENCIA DE IMAGENES<\/title>\n<meta name=\"robots\" content=\"index, follow, max-snippet:-1, max-image-preview:large, max-video-preview:-1\" \/>\n<link rel=\"canonical\" href=\"https:\/\/agenciadeimagenes.com\/en\/diseno\/\" \/>\n<meta property=\"og:locale\" content=\"en_US\" \/>\n<meta property=\"og:type\" content=\"article\" \/>\n<meta property=\"og:title\" content=\"Servicios - Dise\u00f1o - AIMA-AGENCIA DE IMAGENES\" \/>\n<meta property=\"og:description\" content=\"Nuestros Servicios Dise\u00f1o El dise\u00f1o gr\u00e1fico es el pensamiento convertido a una visualizaci\u00f3n, podemos ayudarte a crear tu marca y contenidos relevantes [&hellip;]\" \/>\n<meta property=\"og:url\" content=\"https:\/\/agenciadeimagenes.com\/en\/diseno\/\" \/>\n<meta property=\"og:site_name\" content=\"AIMA-AGENCIA DE IMAGENES\" \/>\n<meta property=\"article:publisher\" content=\"https:\/\/web.facebook.com\/aimacarlosbecerrasilva\" \/>\n<meta property=\"article:modified_time\" content=\"2023-02-10T20:02:27+00:00\" \/>\n<meta property=\"og:image\" content=\"http:\/\/agenciadeimagenes.com\/wp-content\/uploads\/2023\/02\/Diseno-y-Estrategia-1536x864.jpg\" \/>\n<meta name=\"twitter:card\" content=\"summary_large_image\" \/>\n<script type=\"application\/ld+json\" class=\"yoast-schema-graph\">{\"@context\":\"https:\\\/\\\/schema.org\",\"@graph\":[{\"@type\":\"WebPage\",\"@id\":\"https:\\\/\\\/agenciadeimagenes.com\\\/diseno\\\/\",\"url\":\"https:\\\/\\\/agenciadeimagenes.com\\\/diseno\\\/\",\"name\":\"Servicios - Dise\u00f1o - AIMA-AGENCIA DE IMAGENES\",\"isPartOf\":{\"@id\":\"https:\\\/\\\/agenciadeimagenes.com\\\/#website\"},\"primaryImageOfPage\":{\"@id\":\"https:\\\/\\\/agenciadeimagenes.com\\\/diseno\\\/#primaryimage\"},\"image\":{\"@id\":\"https:\\\/\\\/agenciadeimagenes.com\\\/diseno\\\/#primaryimage\"},\"thumbnailUrl\":\"http:\\\/\\\/agenciadeimagenes.com\\\/wp-content\\\/uploads\\\/2023\\\/02\\\/Diseno-y-Estrategia-1536x864.jpg\",\"datePublished\":\"2023-02-09T21:48:17+00:00\",\"dateModified\":\"2023-02-10T20:02:27+00:00\",\"breadcrumb\":{\"@id\":\"https:\\\/\\\/agenciadeimagenes.com\\\/diseno\\\/#breadcrumb\"},\"inLanguage\":\"en-US\",\"potentialAction\":[{\"@type\":\"ReadAction\",\"target\":[\"https:\\\/\\\/agenciadeimagenes.com\\\/diseno\\\/\"]}]},{\"@type\":\"ImageObject\",\"inLanguage\":\"en-US\",\"@id\":\"https:\\\/\\\/agenciadeimagenes.com\\\/diseno\\\/#primaryimage\",\"url\":\"http:\\\/\\\/agenciadeimagenes.com\\\/wp-content\\\/uploads\\\/2023\\\/02\\\/Diseno-y-Estrategia-1536x864.jpg\",\"contentUrl\":\"http:\\\/\\\/agenciadeimagenes.com\\\/wp-content\\\/uploads\\\/2023\\\/02\\\/Diseno-y-Estrategia-1536x864.jpg\"},{\"@type\":\"BreadcrumbList\",\"@id\":\"https:\\\/\\\/agenciadeimagenes.com\\\/diseno\\\/#breadcrumb\",\"itemListElement\":[{\"@type\":\"ListItem\",\"position\":1,\"name\":\"Portada\",\"item\":\"https:\\\/\\\/agenciadeimagenes.com\\\/en\\\/\"},{\"@type\":\"ListItem\",\"position\":2,\"name\":\"Servicios &#8211; Dise\u00f1o\"}]},{\"@type\":\"WebSite\",\"@id\":\"https:\\\/\\\/agenciadeimagenes.com\\\/#website\",\"url\":\"https:\\\/\\\/agenciadeimagenes.com\\\/\",\"name\":\"AIMA-AGENCIA DE IMAGENES\",\"description\":\"Conceptos Memorables\",\"publisher\":{\"@id\":\"https:\\\/\\\/agenciadeimagenes.com\\\/#organization\"},\"potentialAction\":[{\"@type\":\"SearchAction\",\"target\":{\"@type\":\"EntryPoint\",\"urlTemplate\":\"https:\\\/\\\/agenciadeimagenes.com\\\/?s={search_term_string}\"},\"query-input\":{\"@type\":\"PropertyValueSpecification\",\"valueRequired\":true,\"valueName\":\"search_term_string\"}}],\"inLanguage\":\"en-US\"},{\"@type\":\"Organization\",\"@id\":\"https:\\\/\\\/agenciadeimagenes.com\\\/#organization\",\"name\":\"AIMA-AGENCIA DE IMAGENES\",\"url\":\"https:\\\/\\\/agenciadeimagenes.com\\\/\",\"logo\":{\"@type\":\"ImageObject\",\"inLanguage\":\"en-US\",\"@id\":\"https:\\\/\\\/agenciadeimagenes.com\\\/#\\\/schema\\\/logo\\\/image\\\/\",\"url\":\"https:\\\/\\\/agenciadeimagenes.com\\\/wp-content\\\/uploads\\\/2023\\\/01\\\/AGENCIA-DE-IMAGENES-RED_1.png\",\"contentUrl\":\"https:\\\/\\\/agenciadeimagenes.com\\\/wp-content\\\/uploads\\\/2023\\\/01\\\/AGENCIA-DE-IMAGENES-RED_1.png\",\"width\":425,\"height\":455,\"caption\":\"AIMA-AGENCIA DE IMAGENES\"},\"image\":{\"@id\":\"https:\\\/\\\/agenciadeimagenes.com\\\/#\\\/schema\\\/logo\\\/image\\\/\"},\"sameAs\":[\"https:\\\/\\\/web.facebook.com\\\/aimacarlosbecerrasilva\",\"https:\\\/\\\/www.instagram.com\\\/agenciadeimagenes\\\/\",\"https:\\\/\\\/www.flickr.com\\\/photos\\\/carlosbecerrasilva\\\/collections\"]}]}<\/script>\n<!-- \/ Yoast SEO plugin. -->","yoast_head_json":{"title":"Servicios - Dise\u00f1o - AIMA-AGENCIA DE IMAGENES","robots":{"index":"index","follow":"follow","max-snippet":"max-snippet:-1","max-image-preview":"max-image-preview:large","max-video-preview":"max-video-preview:-1"},"canonical":"https:\/\/agenciadeimagenes.com\/en\/diseno\/","og_locale":"en_US","og_type":"article","og_title":"Servicios - Dise\u00f1o - AIMA-AGENCIA DE IMAGENES","og_description":"Nuestros Servicios Dise\u00f1o El dise\u00f1o gr\u00e1fico es el pensamiento convertido a una visualizaci\u00f3n, podemos ayudarte a crear tu marca y contenidos relevantes [&hellip;]","og_url":"https:\/\/agenciadeimagenes.com\/en\/diseno\/","og_site_name":"AIMA-AGENCIA DE IMAGENES","article_publisher":"https:\/\/web.facebook.com\/aimacarlosbecerrasilva","article_modified_time":"2023-02-10T20:02:27+00:00","og_image":[{"url":"http:\/\/agenciadeimagenes.com\/wp-content\/uploads\/2023\/02\/Diseno-y-Estrategia-1536x864.jpg","type":"","width":"","height":""}],"twitter_card":"summary_large_image","schema":{"@context":"https:\/\/schema.org","@graph":[{"@type":"WebPage","@id":"https:\/\/agenciadeimagenes.com\/diseno\/","url":"https:\/\/agenciadeimagenes.com\/diseno\/","name":"Servicios - Dise\u00f1o - AIMA-AGENCIA DE IMAGENES","isPartOf":{"@id":"https:\/\/agenciadeimagenes.com\/#website"},"primaryImageOfPage":{"@id":"https:\/\/agenciadeimagenes.com\/diseno\/#primaryimage"},"image":{"@id":"https:\/\/agenciadeimagenes.com\/diseno\/#primaryimage"},"thumbnailUrl":"http:\/\/agenciadeimagenes.com\/wp-content\/uploads\/2023\/02\/Diseno-y-Estrategia-1536x864.jpg","datePublished":"2023-02-09T21:48:17+00:00","dateModified":"2023-02-10T20:02:27+00:00","breadcrumb":{"@id":"https:\/\/agenciadeimagenes.com\/diseno\/#breadcrumb"},"inLanguage":"en-US","potentialAction":[{"@type":"ReadAction","target":["https:\/\/agenciadeimagenes.com\/diseno\/"]}]},{"@type":"ImageObject","inLanguage":"en-US","@id":"https:\/\/agenciadeimagenes.com\/diseno\/#primaryimage","url":"http:\/\/agenciadeimagenes.com\/wp-content\/uploads\/2023\/02\/Diseno-y-Estrategia-1536x864.jpg","contentUrl":"http:\/\/agenciadeimagenes.com\/wp-content\/uploads\/2023\/02\/Diseno-y-Estrategia-1536x864.jpg"},{"@type":"BreadcrumbList","@id":"https:\/\/agenciadeimagenes.com\/diseno\/#breadcrumb","itemListElement":[{"@type":"ListItem","position":1,"name":"Portada","item":"https:\/\/agenciadeimagenes.com\/en\/"},{"@type":"ListItem","position":2,"name":"Servicios &#8211; Dise\u00f1o"}]},{"@type":"WebSite","@id":"https:\/\/agenciadeimagenes.com\/#website","url":"https:\/\/agenciadeimagenes.com\/","name":"AIMA-IMAGE AGENCY","description":"Memorable Concepts","publisher":{"@id":"https:\/\/agenciadeimagenes.com\/#organization"},"potentialAction":[{"@type":"SearchAction","target":{"@type":"EntryPoint","urlTemplate":"https:\/\/agenciadeimagenes.com\/?s={search_term_string}"},"query-input":{"@type":"PropertyValueSpecification","valueRequired":true,"valueName":"search_term_string"}}],"inLanguage":"en-US"},{"@type":"Organization","@id":"https:\/\/agenciadeimagenes.com\/#organization","name":"AIMA-IMAGE AGENCY","url":"https:\/\/agenciadeimagenes.com\/","logo":{"@type":"ImageObject","inLanguage":"en-US","@id":"https:\/\/agenciadeimagenes.com\/#\/schema\/logo\/image\/","url":"https:\/\/agenciadeimagenes.com\/wp-content\/uploads\/2023\/01\/AGENCIA-DE-IMAGENES-RED_1.png","contentUrl":"https:\/\/agenciadeimagenes.com\/wp-content\/uploads\/2023\/01\/AGENCIA-DE-IMAGENES-RED_1.png","width":425,"height":455,"caption":"AIMA-AGENCIA DE IMAGENES"},"image":{"@id":"https:\/\/agenciadeimagenes.com\/#\/schema\/logo\/image\/"},"sameAs":["https:\/\/web.facebook.com\/aimacarlosbecerrasilva","https:\/\/www.instagram.com\/agenciadeimagenes\/","https:\/\/www.flickr.com\/photos\/carlosbecerrasilva\/collections"]}]}},"_links":{"self":[{"href":"https:\/\/agenciadeimagenes.com\/en\/wp-json\/wp\/v2\/pages\/2449","targetHints":{"allow":["GET"]}}],"collection":[{"href":"https:\/\/agenciadeimagenes.com\/en\/wp-json\/wp\/v2\/pages"}],"about":[{"href":"https:\/\/agenciadeimagenes.com\/en\/wp-json\/wp\/v2\/types\/page"}],"author":[{"embeddable":true,"href":"https:\/\/agenciadeimagenes.com\/en\/wp-json\/wp\/v2\/users\/1"}],"replies":[{"embeddable":true,"href":"https:\/\/agenciadeimagenes.com\/en\/wp-json\/wp\/v2\/comments?post=2449"}],"version-history":[{"count":0,"href":"https:\/\/agenciadeimagenes.com\/en\/wp-json\/wp\/v2\/pages\/2449\/revisions"}],"wp:attachment":[{"href":"https:\/\/agenciadeimagenes.com\/en\/wp-json\/wp\/v2\/media?parent=2449"}],"curies":[{"name":"wp","href":"https:\/\/api.w.org\/{rel}","templated":true}]}}