{"id":2883,"date":"2023-02-10T19:03:31","date_gmt":"2023-02-10T19:03:31","guid":{"rendered":"http:\/\/agenciadeimagenes.com\/?page_id=2883"},"modified":"2023-02-10T19:41:29","modified_gmt":"2023-02-10T19:41:29","slug":"terminos-y-condiciones","status":"publish","type":"page","link":"https:\/\/agenciadeimagenes.com\/en\/terminos-y-condiciones\/","title":{"rendered":"T\u00e9rminos y Condiciones"},"content":{"rendered":"<div data-elementor-type=\"wp-page\" data-elementor-id=\"2883\" class=\"elementor elementor-2883\">\n\t\t\t\t\t\t<section class=\"elementor-section elementor-top-section elementor-element elementor-element-4b3abce elementor-section-boxed elementor-section-height-default elementor-section-height-default\" data-id=\"4b3abce\" data-element_type=\"section\" data-e-type=\"section\">\n\t\t\t\t\t\t<div class=\"elementor-container elementor-column-gap-default\">\n\t\t\t\t\t<div class=\"elementor-column elementor-col-100 elementor-top-column elementor-element elementor-element-01f8185\" data-id=\"01f8185\" data-element_type=\"column\" data-e-type=\"column\">\n\t\t\t<div class=\"elementor-widget-wrap elementor-element-populated\">\n\t\t\t\t\t\t<div class=\"elementor-element elementor-element-4c16722 elementor-widget elementor-widget-text-editor\" data-id=\"4c16722\" data-element_type=\"widget\" data-e-type=\"widget\" data-widget_type=\"text-editor.default\">\n\t\t\t\t<div class=\"elementor-widget-container\">\n\t\t\t\t\t\t\t\t\t<p><span style=\"font-weight: 400;\">POL\u00cdTICA DE PRIVACIDAD, TRATAMIENTO Y PROTECCI\u00d3N DE DATOS PERSONALES<\/span><\/p><p>\u00a0<\/p><p><span style=\"font-weight: 400;\">Pol\u00edticas de tratamiento de datos personales Entrada en vigencia: AIMA-AGENCIA DE IM\u00c1GENES (En adelante la \u201cAgencia\u201d) es respetuosa de los datos personales e informaci\u00f3n que le suministran las diferentes personas. En la presente Pol\u00edtica de Privacidad, se establecen las finalidades, medidas y procedimientos establecidos para el uso de nuestras bases de datos, as\u00ed como los mecanismos con que las personas cuyos datos est\u00e9n en nuestra base de datos cuentan para conocer, actualizar, rectificar, suprimir y en general hacer valer sus derechos. La aceptaci\u00f3n expresa o inequ\u00edvoca de las presentes pol\u00edticas, implica la aceptaci\u00f3n de la presente Pol\u00edtica de Privacidad y su autorizaci\u00f3n para los usos y otros tratamientos que aqu\u00ed se describen. En todo caso, estas Pol\u00edticas de Privacidad en ning\u00fan momento podr\u00e1n interpretarse de forma alguna contraria a las leyes aplicables y a los derechos que le corresponden.\u00a0<\/span><\/p><p>\u00a0<\/p><ol><li><span style=\"font-weight: 400;\"> RESPONSABLE Y ENCARGADO DEL TRATAMIENTO DE DATOS. El responsable del tratamiento de datos personales y otra informaci\u00f3n de los miembros de la Agencia ESTOS son sus datos de contacto: a) Domicilio: Bogota b) Direcci\u00f3n: Calle 85 # 28c-87\u00a0 Ofc 404 Correo electr\u00f3nico: info@agenciadeimagenes.com d) N\u00famero de tel\u00e9fono: 4974731\u00a0<\/span><\/li><li><span style=\"font-weight: 400;\"> FINALIDAD DE LA BASE DE DATOS. (i) mantener por cualquier medio conocido o por conocerse, una comunicaci\u00f3n eficiente relacionada con los productos, servicios, eventos, comunicaciones de la Agencia, sus clientes y\/o terceros contratados por la Agencia; (ii) realizar estudios sobre h\u00e1bitos de consumos, investigaciones de marca, y determinar la calidad de los productos, servicios, eventos, comunicaciones de la Agencia y\/o sus clientes; (iii) contrataci\u00f3n, ejecuci\u00f3n y comercializaci\u00f3n de los productos, servicios, eventos, comunicaciones y contenidos de la Agencia; (v) la transmisi\u00f3n de datos a terceros con los cuales se hayan celebrado contratos con este objeto, para fines comerciales, administrativos, de mercadeo y\/u operativos; (vi) cumplir los contratos de servicios celebrados con los clientes de la Agencia; (vii) mantener y procesar cualquier tipo de informaci\u00f3n relacionada con el negocio de los clientes actuales y futuros de la Agencia con el fin de prestar servicios de comunicaciones estrat\u00e9gicas, publicidad y mercadeo; (vii) las dem\u00e1s finalidades que determinen los responsables en procesos de obtenci\u00f3n de datos personales para su tratamiento y que sean comunicadas a Usted en el momento de la recolecci\u00f3n de los datos personales;\u00a0<\/span><\/li><li><span style=\"font-weight: 400;\"> FORMA DE OBTENCI\u00d3N Y DATOS SUMINISTRADOS. La Agencia podr\u00e1 pedir expresamente los datos que sean necesarios para cumplir la finalidad de la base de datos, los cuales son -entre otros- su nombre y apellidos, n\u00famero de identificaci\u00f3n, fecha de nacimiento, direcci\u00f3n de correspondencia, tel\u00e9fono de contacto, correo electr\u00f3nico, experiencia, lugar de trabajo, referencias e historia laboral, necesidades e intereses, compras realizadas, gustos. Los datos podr\u00e1n ser suministrados a la Agencia, recolectados personalmente, obtenidos mediante consulta a terceros que administren bases de datos, o recolectados en eventos, reclamaciones, solicitudes, encuestas, propuestas, o solicitudes de participaci\u00f3n en proyectos, programas, eventos, a trav\u00e9s de la p\u00e1gina web, etc. La Agencia no recopilar\u00e1 datos considerados como Datos Sensibles seg\u00fan lo dispuesto en la Ley 1581 de 2012, como por ejemplo, datos que revelen el origen racial o \u00e9tnico, la orientaci\u00f3n pol\u00edtica, las convicciones religiosas o filos\u00f3ficas, pertenencia a sindicatos, organizaciones sociales, datos relacionados con la salud, vida sexual o datos biom\u00e9tricos.\u00a0<\/span><\/li><li><span style=\"font-weight: 400;\"> AUTORIZACI\u00d3N PARA RECOLECCI\u00d3N Y TRATAMIENTO DE DATOS PERSONALES Y OTRA INFORMACI\u00d3N. Mediante el suministro voluntario de alguno de los datos personales en la forma se\u00f1alada en el numeral anterior, y\/o la autorizaci\u00f3n expresa verbal o por escrito, el titular autoriza expresa o inequ\u00edvocamente a la Agencia para recolectar datos personales y cualquier otra informaci\u00f3n que suministre, as\u00ed como para realizar el tratamiento sobre sus datos personales, de conformidad con esta Pol\u00edtica de Privacidad y la ley.\u00a0<\/span><\/li><li><span style=\"font-weight: 400;\"> TRATAMIENTO DE LOS DATOS PERSONALES ALMACENADOS EN LAS BASES DE DATOS DE LA AGENCIA. La Agencia solo usar\u00e1, procesar\u00e1 y circular\u00e1 los datos personales y otra informaci\u00f3n de sus miembros para las finalidades descritas y para los tratamientos autorizados en esta Pol\u00edtica de Privacidad o en las leyes vigentes. En adici\u00f3n a lo mencionado en otras cl\u00e1usulas, usted expresamente autoriza a la Agencia para la recolecci\u00f3n, uso y circulaci\u00f3n de sus datos personales y otra informaci\u00f3n para los siguientes prop\u00f3sitos y en las siguientes circunstancias: (i) establecer comunicaci\u00f3n entre la Agencia y usted para cualquier prop\u00f3sito relacionado con las finalidades que se establecen en la presente pol\u00edtica de privacidad de la Agencia, ya sea mediante llamadas, mensajes de texto, correos electr\u00f3nicos y\/o f\u00edsicos; (ii) auditar, estudiar, analizar y utilizar la informaci\u00f3n de la base de datos para dise\u00f1ar, implementar y desarrollar programas, proyectos y eventos; (iii) auditar, estudiar, analizar y utilizar la informaci\u00f3n de la base de datos para la socializaci\u00f3n de pol\u00edticas, proyectos, programas, resultados y cambios organizacionales; (iv) cumplir con leyes, regulaciones o procesos legales, para asegurar el cumplimiento de los t\u00e9rminos y condiciones, para detener o prevenir fraudes, ataques a la seguridad de la Agencia o de otros, prevenir problemas t\u00e9cnicos o proteger los derechos de otros como lo requieran los t\u00e9rminos y condiciones o la ley; (v) los dem\u00e1s establecidos en la Ley.\u00a0<\/span><\/li><li><span style=\"font-weight: 400;\"> SOLICITUD DE AUTORIZACI\u00d3N PARA NUEVOS USOS. La Agencia podr\u00e1 solicitar autorizaci\u00f3n para el uso o circulaci\u00f3n de sus datos o informaci\u00f3n para prop\u00f3sitos diferentes a los expresados en la presente Pol\u00edtica de Privacidad, para lo cual publicar\u00e1 los cambios en la presente Pol\u00edtica de Privacidad en su p\u00e1gina web https: Geometry.com.co , o en cualquier medio p\u00fablico que estime conveniente seg\u00fan el caso. 7. INFORMACI\u00d3N Y DATOS DE MENORES DE EDAD. La Agencia no usa, ni almacena, o realiza tratamiento alguno sobre datos personales de menores de edad. Si, por alg\u00fan fraude o error, se llega a tener almacenada informaci\u00f3n de un menor de edad, \u00e9sta ser\u00e1 suprimida de nuestras bases de datos de forma inmediata, una vez se conozca que el dato pertenece a un menor de edad.\u00a0<\/span><\/li><li><span style=\"font-weight: 400;\"> ALMACENAMIENTO DE DATOS PERSONALES. El titular autoriza expresamente a la Agencia para que \u00e9ste almacene sus datos de la forma que considere m\u00e1s oportuna y cumpla con la seguridad requerida para la protecci\u00f3n de los datos de acuerdo con los est\u00e1ndares normales y razonables aplicables a empresas como la Agencia.\u00a0<\/span><\/li><li><span style=\"font-weight: 400;\"> MEDIDAS DE SEGURIDAD PARA LA PROTECCI\u00d3N DE LOS DATOS PERSONALES Y OTRA INFORMACI\u00d3N. Las medidas de seguridad con las que cuenta la Agencia buscan proteger los datos de las personas en ellas incluidas, en aras de impedir su adulteraci\u00f3n, p\u00e9rdida, usos y accesos no autorizados. Para ello, la Agencia, de forma diligente implementa medidas de protecci\u00f3n humanas, administrativas y t\u00e9cnicas que razonablemente est\u00e1n a su alcance. El Titular acepta expresamente esta forma de protecci\u00f3n y declara que la considera conveniente y suficiente para todos los prop\u00f3sitos. De igual forma, los terceros contratados por la Agencia, est\u00e1n igualmente obligados a adherirse y dar cumplimiento a las pol\u00edticas y manuales de seguridad de la informaci\u00f3n, as\u00ed como a los protocolos de seguridad que aplicamos a todos nuestros procesos. Todo contrato de la Agencia con terceros (contratistas, consultores externos, colaboradores temporales, etc.) que involucre el tratamiento de informaci\u00f3n y datos personales, incluye un acuerdo de confidencialidad que detalla sus compromisos para la protecci\u00f3n, cuidado, seguridad y preservaci\u00f3n de la confidencialidad, integridad y privacidad de la misma.\u00a0<\/span><\/li><li><span style=\"font-weight: 400;\"> DERECHOS DE LOS TITULARES. La Agencia informa que conforme a la legislaci\u00f3n vigente, las personas tienen entre otros, el derecho de conocer, actualizar, rectificar su informaci\u00f3n, y\/o revocar la autorizaci\u00f3n para su tratamiento. En particular, son derechos de los titulares seg\u00fan se establece en el art\u00edculo 8 de la Ley 1581 de 2012: a) Conocer, actualizar y rectificar sus datos personales, b) Solicitar prueba de la autorizaci\u00f3n otorgada, c) Ser informado, previa solicitud, respecto del uso que le ha dado a sus datos personales, d) Presentar ante la Superintendencia de Industria y Comercio quejas por infracciones a lo dispuesto en la ley, e) Revocar la autorizaci\u00f3n y\/o solicitar la supresi\u00f3n del dato, f) Acceder en forma gratuita a sus datos personales que hayan sido objeto de Tratamiento.\u00a0<\/span><\/li><li><span style=\"font-weight: 400;\"> CONTACTOS Persona encargada de peticiones, consultas y reclamos. La persona encargada de atender las peticiones, consultas y reclamos de los titulares para ejercer sus derechos a conocer, actualizar, rectificar y suprimir sus datos y revocar su autorizaci\u00f3n es Martha Isabel Becerra-Gerente de Proyectos (ii) Procedimiento para ejercer sus derechos. En caso de que desee ejercer sus derechos, deber\u00e1 enviar un correo electr\u00f3nico o f\u00edsico a las direcciones de contacto establecidas en la presente Pol\u00edtica de Privacidad. info@agenciadeimagenes.com (iii) Peticiones y Consultas Sobre Datos Personales. Cuando el titular de los datos o sus causahabientes deseen consultar la informaci\u00f3n que reposa en la base de datos, la Agencia responder\u00e1 la solicitud en plazo de m\u00e1ximo diez (10) d\u00edas o en el plazo m\u00e1ximo establecido por Ley. En cumplimiento a lo dispuesto en la Ley 1581 de 2012, cuando no fuere posible atender la consulta dentro de dicho t\u00e9rmino, se informar\u00e1 de los motivos de la demora y se le se\u00f1alar\u00e1 la fecha en que se atender\u00e1 su consulta, la cual no podr\u00e1 superar los cinco (5) d\u00edas h\u00e1biles siguientes al vencimiento del primer t\u00e9rmino, o el plazo m\u00e1ximo establecido por Ley. (iv) Revocaci\u00f3n de autorizaci\u00f3n, retiro o supresi\u00f3n de la base de datos y reclamos Sobre Datos Personales. Cuando el titular de los datos o sus causahabientes consideren que la informaci\u00f3n contenida en las bases de datos debe ser objeto de correcci\u00f3n, actualizaci\u00f3n o supresi\u00f3n, o cuando adviertan el presunto incumplimiento de cualquiera de los deberes contenidos en la Ley 1581 de 2012, podr\u00e1n presentar un reclamo ante la Agencia, el cual ser\u00e1 tramitado bajo las siguientes reglas, que en ning\u00fan caso disminuir\u00e1n o restringir\u00e1n los derechos establecido por Ley: 1. El reclamo se formular\u00e1 mediante solicitud dirigida a la Agencia con la identificaci\u00f3n de los Titulares, la descripci\u00f3n de los hechos que dan lugar al reclamo, la direcci\u00f3n, y se anexar\u00e1n los documentos que se quieran hacer valer. Si el reclamo resulta incompleto, la Agencia podr\u00e1 requerir al interesado dentro de los cinco (5) d\u00edas siguientes a la recepci\u00f3n del reclamo para que subsane las fallas. Transcurridos dos (2) meses desde la fecha del requerimiento, sin que el solicitante presente la informaci\u00f3n requerida, se entender\u00e1 que ha desistido del reclamo. En caso de que la Agencia no sea competente para resolver el reclamo, dar\u00e1 traslado a quien corresponda en un t\u00e9rmino m\u00e1ximo de dos (2) d\u00edas h\u00e1biles e informar\u00e1 de la situaci\u00f3n al Titular, con lo cual quedar\u00e1 relevada de cualquier reclamaci\u00f3n o responsabilidad por el uso, rectificaci\u00f3n o supresi\u00f3n de los datos. 2. Una vez recibido el reclamo completo, se incluir\u00e1 en la base de datos una leyenda que diga \u00abreclamo en tr\u00e1mite\u00bb y el motivo del mismo, en un t\u00e9rmino no mayor a dos (2) d\u00edas h\u00e1biles. Dicha leyenda deber\u00e1 mantenerse hasta que el reclamo sea decidido. 3. El t\u00e9rmino m\u00e1ximo para atender el reclamo ser\u00e1 de quince (15) d\u00edas h\u00e1biles contados a partir del d\u00eda siguiente a la fecha de su recibo. Cuando no fuere posible atender el reclamo dentro de dicho t\u00e9rmino, se informar\u00e1 al Titular los motivos de la demora y la fecha en que se atender\u00e1 su reclamo, la cual en ning\u00fan caso podr\u00e1 superar los ocho (8) d\u00edas h\u00e1biles siguientes al vencimiento del primer t\u00e9rmino. 12. CONTACTO. Cualquier duda o informaci\u00f3n adicional ser\u00e1 recibida y tramitada mediante su env\u00edo a las direcciones de contacto establecidas en la presente Pol\u00edtica de Privacidad. info@agenciadeimagenes.com\u00a0<\/span><\/li><\/ol><p>\u00a0<\/p><ol start=\"12\"><li><span style=\"font-weight: 400;\"> PERI\u0301ODO DE VIGENCIA DE LA BASE DE DATOS. Los datos personales incorporados en la base de datos estar\u00e1n vigentes durante el plazo necesario para cumplir sus finalidades, que en todo caso no ser\u00e1 inferior a 80 a\u00f1os.\u00a0<\/span><\/li><li><span style=\"font-weight: 400;\"> CAMBIOS EN LA POL\u00cdTICA DE PRIVACIDAD. Cualquier cambio sustancial en las pol\u00edticas de Tratamiento, ser\u00e1 comunicado oportunamente a los Titulares mediante la publicaci\u00f3n en nuestros portales web. 15. LEGISLACI\u00d3N VIGENTE. La legislaci\u00f3n nacional vigente en materia de protecci\u00f3n de datos personales est\u00e1 contenida en la Ley 1581 de 2012, el Decreto 1377 de 2013 y la Ley 1266 de 2008 y las normas que lo modifiquen o complementen.<\/span><\/li><li><span style=\"font-weight: 400;\"> DERECHOS DE AUTOR Y\/O COPYRIGHT todas las im\u00e1genes fotogr\u00e1ficas utilizadas en este sitio web y sus activos digitales tiene\u00a0 \u00a9 copyright y\/o derecho de autor, son de propiedad y usos exclusivo de la agencia y\/0 carlos becerra silva, otras im\u00e1genes utilizadas son adquiridas por licencia comercial o autorizaci\u00f3n expresa de su autor, est\u00e1 prohibida la reproducci\u00f3n total o parcial de cualquier imagen o audiovisual<\/span><\/li><\/ol>\t\t\t\t\t\t\t\t<\/div>\n\t\t\t\t<\/div>\n\t\t\t\t\t<\/div>\n\t\t<\/div>\n\t\t\t\t\t<\/div>\n\t\t<\/section>\n\t\t\t\t<\/div>","protected":false},"excerpt":{"rendered":"<p>POL\u00cdTICA DE PRIVACIDAD, TRATAMIENTO Y PROTECCI\u00d3N DE DATOS PERSONALES \u00a0 Pol\u00edticas de tratamiento de datos personales Entrada en vigencia: AIMA-AGENCIA DE IM\u00c1GENES [&hellip;]<\/p>\n","protected":false},"author":1,"featured_media":0,"parent":0,"menu_order":0,"comment_status":"closed","ping_status":"closed","template":"","meta":{"_eb_attr":"","footnotes":""},"class_list":["post-2883","page","type-page","status-publish","hentry"],"yoast_head":"<!-- This site is optimized with the Yoast SEO plugin v27.3 - https:\/\/yoast.com\/product\/yoast-seo-wordpress\/ -->\n<title>T\u00e9rminos y Condiciones - AIMA-AGENCIA DE IMAGENES<\/title>\n<meta name=\"robots\" content=\"index, follow, max-snippet:-1, max-image-preview:large, max-video-preview:-1\" \/>\n<link rel=\"canonical\" href=\"https:\/\/agenciadeimagenes.com\/en\/terminos-y-condiciones\/\" \/>\n<meta property=\"og:locale\" content=\"en_US\" \/>\n<meta property=\"og:type\" content=\"article\" \/>\n<meta property=\"og:title\" content=\"T\u00e9rminos y Condiciones - AIMA-AGENCIA DE IMAGENES\" \/>\n<meta property=\"og:description\" content=\"POL\u00cdTICA DE PRIVACIDAD, TRATAMIENTO Y PROTECCI\u00d3N DE DATOS PERSONALES \u00a0 Pol\u00edticas de tratamiento de datos personales Entrada en vigencia: AIMA-AGENCIA DE IM\u00c1GENES [&hellip;]\" \/>\n<meta property=\"og:url\" content=\"https:\/\/agenciadeimagenes.com\/en\/terminos-y-condiciones\/\" \/>\n<meta property=\"og:site_name\" content=\"AIMA-AGENCIA DE IMAGENES\" \/>\n<meta property=\"article:publisher\" content=\"https:\/\/web.facebook.com\/aimacarlosbecerrasilva\" \/>\n<meta property=\"article:modified_time\" content=\"2023-02-10T19:41:29+00:00\" \/>\n<meta name=\"twitter:card\" content=\"summary_large_image\" \/>\n<meta name=\"twitter:label1\" content=\"Est. reading time\" \/>\n\t<meta name=\"twitter:data1\" content=\"11 minutes\" \/>\n<script type=\"application\/ld+json\" class=\"yoast-schema-graph\">{\"@context\":\"https:\\\/\\\/schema.org\",\"@graph\":[{\"@type\":\"WebPage\",\"@id\":\"https:\\\/\\\/agenciadeimagenes.com\\\/en\\\/terminos-y-condiciones\\\/\",\"url\":\"https:\\\/\\\/agenciadeimagenes.com\\\/en\\\/terminos-y-condiciones\\\/\",\"name\":\"T\u00e9rminos y Condiciones - AIMA-AGENCIA DE IMAGENES\",\"isPartOf\":{\"@id\":\"https:\\\/\\\/agenciadeimagenes.com\\\/#website\"},\"datePublished\":\"2023-02-10T19:03:31+00:00\",\"dateModified\":\"2023-02-10T19:41:29+00:00\",\"breadcrumb\":{\"@id\":\"https:\\\/\\\/agenciadeimagenes.com\\\/en\\\/terminos-y-condiciones\\\/#breadcrumb\"},\"inLanguage\":\"en-US\",\"potentialAction\":[{\"@type\":\"ReadAction\",\"target\":[\"https:\\\/\\\/agenciadeimagenes.com\\\/en\\\/terminos-y-condiciones\\\/\"]}]},{\"@type\":\"BreadcrumbList\",\"@id\":\"https:\\\/\\\/agenciadeimagenes.com\\\/en\\\/terminos-y-condiciones\\\/#breadcrumb\",\"itemListElement\":[{\"@type\":\"ListItem\",\"position\":1,\"name\":\"Portada\",\"item\":\"https:\\\/\\\/agenciadeimagenes.com\\\/en\\\/\"},{\"@type\":\"ListItem\",\"position\":2,\"name\":\"T\u00e9rminos y Condiciones\"}]},{\"@type\":\"WebSite\",\"@id\":\"https:\\\/\\\/agenciadeimagenes.com\\\/#website\",\"url\":\"https:\\\/\\\/agenciadeimagenes.com\\\/\",\"name\":\"AIMA-AGENCIA DE IMAGENES\",\"description\":\"Conceptos Memorables\",\"publisher\":{\"@id\":\"https:\\\/\\\/agenciadeimagenes.com\\\/#organization\"},\"potentialAction\":[{\"@type\":\"SearchAction\",\"target\":{\"@type\":\"EntryPoint\",\"urlTemplate\":\"https:\\\/\\\/agenciadeimagenes.com\\\/?s={search_term_string}\"},\"query-input\":{\"@type\":\"PropertyValueSpecification\",\"valueRequired\":true,\"valueName\":\"search_term_string\"}}],\"inLanguage\":\"en-US\"},{\"@type\":\"Organization\",\"@id\":\"https:\\\/\\\/agenciadeimagenes.com\\\/#organization\",\"name\":\"AIMA-AGENCIA DE IMAGENES\",\"url\":\"https:\\\/\\\/agenciadeimagenes.com\\\/\",\"logo\":{\"@type\":\"ImageObject\",\"inLanguage\":\"en-US\",\"@id\":\"https:\\\/\\\/agenciadeimagenes.com\\\/#\\\/schema\\\/logo\\\/image\\\/\",\"url\":\"https:\\\/\\\/agenciadeimagenes.com\\\/wp-content\\\/uploads\\\/2023\\\/01\\\/AGENCIA-DE-IMAGENES-RED_1.png\",\"contentUrl\":\"https:\\\/\\\/agenciadeimagenes.com\\\/wp-content\\\/uploads\\\/2023\\\/01\\\/AGENCIA-DE-IMAGENES-RED_1.png\",\"width\":425,\"height\":455,\"caption\":\"AIMA-AGENCIA DE IMAGENES\"},\"image\":{\"@id\":\"https:\\\/\\\/agenciadeimagenes.com\\\/#\\\/schema\\\/logo\\\/image\\\/\"},\"sameAs\":[\"https:\\\/\\\/web.facebook.com\\\/aimacarlosbecerrasilva\",\"https:\\\/\\\/www.instagram.com\\\/agenciadeimagenes\\\/\",\"https:\\\/\\\/www.flickr.com\\\/photos\\\/carlosbecerrasilva\\\/collections\"]}]}<\/script>\n<!-- \/ Yoast SEO plugin. -->","yoast_head_json":{"title":"T\u00e9rminos y Condiciones - AIMA-AGENCIA DE IMAGENES","robots":{"index":"index","follow":"follow","max-snippet":"max-snippet:-1","max-image-preview":"max-image-preview:large","max-video-preview":"max-video-preview:-1"},"canonical":"https:\/\/agenciadeimagenes.com\/en\/terminos-y-condiciones\/","og_locale":"en_US","og_type":"article","og_title":"T\u00e9rminos y Condiciones - AIMA-AGENCIA DE IMAGENES","og_description":"POL\u00cdTICA DE PRIVACIDAD, TRATAMIENTO Y PROTECCI\u00d3N DE DATOS PERSONALES \u00a0 Pol\u00edticas de tratamiento de datos personales Entrada en vigencia: AIMA-AGENCIA DE IM\u00c1GENES [&hellip;]","og_url":"https:\/\/agenciadeimagenes.com\/en\/terminos-y-condiciones\/","og_site_name":"AIMA-AGENCIA DE IMAGENES","article_publisher":"https:\/\/web.facebook.com\/aimacarlosbecerrasilva","article_modified_time":"2023-02-10T19:41:29+00:00","twitter_card":"summary_large_image","twitter_misc":{"Est. reading time":"11 minutes"},"schema":{"@context":"https:\/\/schema.org","@graph":[{"@type":"WebPage","@id":"https:\/\/agenciadeimagenes.com\/en\/terminos-y-condiciones\/","url":"https:\/\/agenciadeimagenes.com\/en\/terminos-y-condiciones\/","name":"T\u00e9rminos y Condiciones - AIMA-AGENCIA DE IMAGENES","isPartOf":{"@id":"https:\/\/agenciadeimagenes.com\/#website"},"datePublished":"2023-02-10T19:03:31+00:00","dateModified":"2023-02-10T19:41:29+00:00","breadcrumb":{"@id":"https:\/\/agenciadeimagenes.com\/en\/terminos-y-condiciones\/#breadcrumb"},"inLanguage":"en-US","potentialAction":[{"@type":"ReadAction","target":["https:\/\/agenciadeimagenes.com\/en\/terminos-y-condiciones\/"]}]},{"@type":"BreadcrumbList","@id":"https:\/\/agenciadeimagenes.com\/en\/terminos-y-condiciones\/#breadcrumb","itemListElement":[{"@type":"ListItem","position":1,"name":"Portada","item":"https:\/\/agenciadeimagenes.com\/en\/"},{"@type":"ListItem","position":2,"name":"T\u00e9rminos y Condiciones"}]},{"@type":"WebSite","@id":"https:\/\/agenciadeimagenes.com\/#website","url":"https:\/\/agenciadeimagenes.com\/","name":"AIMA-IMAGE AGENCY","description":"Memorable Concepts","publisher":{"@id":"https:\/\/agenciadeimagenes.com\/#organization"},"potentialAction":[{"@type":"SearchAction","target":{"@type":"EntryPoint","urlTemplate":"https:\/\/agenciadeimagenes.com\/?s={search_term_string}"},"query-input":{"@type":"PropertyValueSpecification","valueRequired":true,"valueName":"search_term_string"}}],"inLanguage":"en-US"},{"@type":"Organization","@id":"https:\/\/agenciadeimagenes.com\/#organization","name":"AIMA-IMAGE AGENCY","url":"https:\/\/agenciadeimagenes.com\/","logo":{"@type":"ImageObject","inLanguage":"en-US","@id":"https:\/\/agenciadeimagenes.com\/#\/schema\/logo\/image\/","url":"https:\/\/agenciadeimagenes.com\/wp-content\/uploads\/2023\/01\/AGENCIA-DE-IMAGENES-RED_1.png","contentUrl":"https:\/\/agenciadeimagenes.com\/wp-content\/uploads\/2023\/01\/AGENCIA-DE-IMAGENES-RED_1.png","width":425,"height":455,"caption":"AIMA-AGENCIA DE IMAGENES"},"image":{"@id":"https:\/\/agenciadeimagenes.com\/#\/schema\/logo\/image\/"},"sameAs":["https:\/\/web.facebook.com\/aimacarlosbecerrasilva","https:\/\/www.instagram.com\/agenciadeimagenes\/","https:\/\/www.flickr.com\/photos\/carlosbecerrasilva\/collections"]}]}},"_links":{"self":[{"href":"https:\/\/agenciadeimagenes.com\/en\/wp-json\/wp\/v2\/pages\/2883","targetHints":{"allow":["GET"]}}],"collection":[{"href":"https:\/\/agenciadeimagenes.com\/en\/wp-json\/wp\/v2\/pages"}],"about":[{"href":"https:\/\/agenciadeimagenes.com\/en\/wp-json\/wp\/v2\/types\/page"}],"author":[{"embeddable":true,"href":"https:\/\/agenciadeimagenes.com\/en\/wp-json\/wp\/v2\/users\/1"}],"replies":[{"embeddable":true,"href":"https:\/\/agenciadeimagenes.com\/en\/wp-json\/wp\/v2\/comments?post=2883"}],"version-history":[{"count":0,"href":"https:\/\/agenciadeimagenes.com\/en\/wp-json\/wp\/v2\/pages\/2883\/revisions"}],"wp:attachment":[{"href":"https:\/\/agenciadeimagenes.com\/en\/wp-json\/wp\/v2\/media?parent=2883"}],"curies":[{"name":"wp","href":"https:\/\/api.w.org\/{rel}","templated":true}]}}